{"id":2925,"date":"2023-11-29T10:15:27","date_gmt":"2023-11-29T06:15:27","guid":{"rendered":"https:\/\/auto-ecole-europe.re\/produit\/packb78-copy\/"},"modified":"2024-09-06T07:37:00","modified_gmt":"2024-09-06T03:37:00","slug":"aac-boite-automatique","status":"publish","type":"product","link":"https:\/\/autoecole-europe.re\/boutiques\/produit\/aac-boite-automatique\/","title":{"rendered":"AAC bo\u00eete Automatique"},"content":{"rendered":"<p>Pi\u00e8ces \u00e0 fournir \u00e0 Auto Ecole Europe :<\/p>\n<p>1 photo identit\u00e9 num\u00e9rique avec signature<br \/>\n1 photocopie carte identit\u00e9<br \/>\n1 photocopie attestation recensement et JAPD<br \/>\n1 photocopie ASSR 2\u00e8me niveau ou BSR<br \/>\n1 photocopie justificatif adresse et attestation h\u00e9bergement moins de 6 mois<\/p>\n","protected":false},"excerpt":{"rendered":"<div class=\"page\" title=\"Page 1\">\n<div class=\"layoutArea\">\n<div class=\"column\">\n<ul>\n<li>\u00a0FRAIS D\u2019INSCRIPTION ANTS 45\u20ac<\/li>\n<li>CODE VALABLE 1 AN<\/li>\n<li>RDV PREALABLE<\/li>\n<li>20H DE CONDUITE<\/li>\n<li>1ER RDV PEDAGOGIQUE (2H)<\/li>\n<li>2E\u0300ME RDV PEDAGOGIQUE AVANT EXAMEN (2H)<\/li>\n<li>FRAIS ACCOMPAGNEMENT EXAMEN CONDUITE<\/li>\n<li>PACK NUMERIQUE<\/li>\n<\/ul>\n<\/div>\n<\/div>\n<\/div>\n","protected":false},"featured_media":3206,"template":"","meta":{"site-sidebar-layout":"default","site-content-layout":"default","ast-main-header-display":"","ast-hfb-above-header-display":"","ast-hfb-below-header-display":"","ast-hfb-mobile-header-display":"","site-post-title":"","ast-breadcrumbs-content":"","ast-featured-img":"","footer-sml-layout":"","theme-transparent-header-meta":"default","adv-header-id-meta":"","stick-header-meta":"","header-above-stick-meta":"","header-main-stick-meta":"","header-below-stick-meta":""},"product_brand":[],"product_cat":[28],"product_tag":[],"class_list":{"0":"post-2925","1":"product","2":"type-product","3":"status-publish","4":"has-post-thumbnail","6":"product_cat-hors-forfait","8":"first","9":"instock","10":"virtual","11":"purchasable","12":"product-type-simple"},"_links":{"self":[{"href":"https:\/\/autoecole-europe.re\/boutiques\/wp-json\/wp\/v2\/product\/2925","targetHints":{"allow":["GET"]}}],"collection":[{"href":"https:\/\/autoecole-europe.re\/boutiques\/wp-json\/wp\/v2\/product"}],"about":[{"href":"https:\/\/autoecole-europe.re\/boutiques\/wp-json\/wp\/v2\/types\/product"}],"wp:featuredmedia":[{"embeddable":true,"href":"https:\/\/autoecole-europe.re\/boutiques\/wp-json\/wp\/v2\/media\/3206"}],"wp:attachment":[{"href":"https:\/\/autoecole-europe.re\/boutiques\/wp-json\/wp\/v2\/media?parent=2925"}],"wp:term":[{"taxonomy":"product_brand","embeddable":true,"href":"https:\/\/autoecole-europe.re\/boutiques\/wp-json\/wp\/v2\/product_brand?post=2925"},{"taxonomy":"product_cat","embeddable":true,"href":"https:\/\/autoecole-europe.re\/boutiques\/wp-json\/wp\/v2\/product_cat?post=2925"},{"taxonomy":"product_tag","embeddable":true,"href":"https:\/\/autoecole-europe.re\/boutiques\/wp-json\/wp\/v2\/product_tag?post=2925"}],"curies":[{"name":"wp","href":"https:\/\/api.w.org\/{rel}","templated":true}]}}