{"id":2299,"date":"2021-09-28T18:41:08","date_gmt":"2021-09-28T14:41:08","guid":{"rendered":"https:\/\/autoecole-europe.re\/?post_type=product&#038;p=2299"},"modified":"2024-09-04T16:47:40","modified_gmt":"2024-09-04T12:47:40","slug":"conduite-20-heures","status":"publish","type":"product","link":"https:\/\/autoecole-europe.re\/boutiques\/produit\/conduite-20-heures\/","title":{"rendered":"Conduite 20 heures"},"content":{"rendered":"<p>Pi\u00e8ces \u00e0 fournir \u00e0 Auto Ecole Europe :<\/p>\n<p>1 photo identit\u00e9 num\u00e9rique avec signature<br \/>\n1 photocopie carte identit\u00e9<br \/>\n1 photocopie attestation recensement et JAPD<br \/>\n1 photocopie ASSR 2\u00e8me niveau ou BSR<br \/>\n1 photocopie justificatif adresse et attestation h\u00e9bergement moins de 6 mois<\/p>\n","protected":false},"excerpt":{"rendered":"<p>Pi\u00e8ces \u00e0 fournir \u00e0 Auto Ecole Europe : 1 photo identit\u00e9 num\u00e9rique avec signature 1 photocopie carte identit\u00e9 1 photocopie attestation recensement et JAPD 1 photocopie ASSR 2\u00e8me niveau ou BSR 1 photocopie justificatif adresse et attestation h\u00e9bergement moins de 6 mois<\/p>\n","protected":false},"featured_media":3212,"template":"","meta":{"site-sidebar-layout":"default","site-content-layout":"default","ast-main-header-display":"","ast-hfb-above-header-display":"","ast-hfb-below-header-display":"","ast-hfb-mobile-header-display":"","site-post-title":"","ast-breadcrumbs-content":"","ast-featured-img":"","footer-sml-layout":"","theme-transparent-header-meta":"default","adv-header-id-meta":"","stick-header-meta":"","header-above-stick-meta":"","header-main-stick-meta":"","header-below-stick-meta":""},"product_brand":[],"product_cat":[28],"product_tag":[],"class_list":{"0":"post-2299","1":"product","2":"type-product","3":"status-publish","4":"has-post-thumbnail","6":"product_cat-hors-forfait","8":"first","9":"instock","10":"purchasable","11":"product-type-simple"},"_links":{"self":[{"href":"https:\/\/autoecole-europe.re\/boutiques\/wp-json\/wp\/v2\/product\/2299","targetHints":{"allow":["GET"]}}],"collection":[{"href":"https:\/\/autoecole-europe.re\/boutiques\/wp-json\/wp\/v2\/product"}],"about":[{"href":"https:\/\/autoecole-europe.re\/boutiques\/wp-json\/wp\/v2\/types\/product"}],"wp:featuredmedia":[{"embeddable":true,"href":"https:\/\/autoecole-europe.re\/boutiques\/wp-json\/wp\/v2\/media\/3212"}],"wp:attachment":[{"href":"https:\/\/autoecole-europe.re\/boutiques\/wp-json\/wp\/v2\/media?parent=2299"}],"wp:term":[{"taxonomy":"product_brand","embeddable":true,"href":"https:\/\/autoecole-europe.re\/boutiques\/wp-json\/wp\/v2\/product_brand?post=2299"},{"taxonomy":"product_cat","embeddable":true,"href":"https:\/\/autoecole-europe.re\/boutiques\/wp-json\/wp\/v2\/product_cat?post=2299"},{"taxonomy":"product_tag","embeddable":true,"href":"https:\/\/autoecole-europe.re\/boutiques\/wp-json\/wp\/v2\/product_tag?post=2299"}],"curies":[{"name":"wp","href":"https:\/\/api.w.org\/{rel}","templated":true}]}}