{"id":2294,"date":"2021-09-28T18:23:51","date_gmt":"2021-09-28T14:23:51","guid":{"rendered":"https:\/\/autoecole-europe.re\/?post_type=product&#038;p=2294"},"modified":"2024-09-04T16:50:51","modified_gmt":"2024-09-04T12:50:51","slug":"evaluation","status":"publish","type":"product","link":"https:\/\/autoecole-europe.re\/boutiques\/produit\/evaluation\/","title":{"rendered":"Evaluation 1H &#8211; Permis B"},"content":{"rendered":"<p>Pi\u00e8ces \u00e0 fournir \u00e0 Auto Ecole Europe :<\/p>\n<p>1 photo identit\u00e9 num\u00e9rique avec signature<br \/>\n1 photocopie carte identit\u00e9<br \/>\n1 photocopie attestation recensement et JAPD<br \/>\n1 photocopie ASSR 2\u00e8me niveau ou BSR<br \/>\n1 photocopie justificatif adresse et attestation h\u00e9bergement moins de 6 mois<\/p>\n","protected":false},"excerpt":{"rendered":"<p>Pi\u00e8ces \u00e0 fournir \u00e0 Auto Ecole Europe : 1 photo identit\u00e9 num\u00e9rique avec signature 1 photocopie carte identit\u00e9 1 photocopie attestation recensement et JAPD 1 photocopie ASSR 2\u00e8me niveau ou BSR 1 photocopie justificatif adresse et attestation h\u00e9bergement moins de 6 mois<\/p>\n","protected":false},"featured_media":3201,"template":"","meta":{"site-sidebar-layout":"default","site-content-layout":"default","ast-main-header-display":"","ast-hfb-above-header-display":"","ast-hfb-below-header-display":"","ast-hfb-mobile-header-display":"","site-post-title":"","ast-breadcrumbs-content":"","ast-featured-img":"","footer-sml-layout":"","theme-transparent-header-meta":"default","adv-header-id-meta":"","stick-header-meta":"","header-above-stick-meta":"","header-main-stick-meta":"","header-below-stick-meta":""},"product_brand":[],"product_cat":[28],"product_tag":[],"class_list":{"0":"post-2294","1":"product","2":"type-product","3":"status-publish","4":"has-post-thumbnail","6":"product_cat-hors-forfait","8":"first","9":"instock","10":"virtual","11":"purchasable","12":"product-type-simple"},"_links":{"self":[{"href":"https:\/\/autoecole-europe.re\/boutiques\/wp-json\/wp\/v2\/product\/2294","targetHints":{"allow":["GET"]}}],"collection":[{"href":"https:\/\/autoecole-europe.re\/boutiques\/wp-json\/wp\/v2\/product"}],"about":[{"href":"https:\/\/autoecole-europe.re\/boutiques\/wp-json\/wp\/v2\/types\/product"}],"wp:featuredmedia":[{"embeddable":true,"href":"https:\/\/autoecole-europe.re\/boutiques\/wp-json\/wp\/v2\/media\/3201"}],"wp:attachment":[{"href":"https:\/\/autoecole-europe.re\/boutiques\/wp-json\/wp\/v2\/media?parent=2294"}],"wp:term":[{"taxonomy":"product_brand","embeddable":true,"href":"https:\/\/autoecole-europe.re\/boutiques\/wp-json\/wp\/v2\/product_brand?post=2294"},{"taxonomy":"product_cat","embeddable":true,"href":"https:\/\/autoecole-europe.re\/boutiques\/wp-json\/wp\/v2\/product_cat?post=2294"},{"taxonomy":"product_tag","embeddable":true,"href":"https:\/\/autoecole-europe.re\/boutiques\/wp-json\/wp\/v2\/product_tag?post=2294"}],"curies":[{"name":"wp","href":"https:\/\/api.w.org\/{rel}","templated":true}]}}