{"id":2290,"date":"2021-09-28T18:01:29","date_gmt":"2021-09-28T14:01:29","guid":{"rendered":"https:\/\/autoecole-europe.re\/?post_type=product&#038;p=2290"},"modified":"2024-09-04T16:32:33","modified_gmt":"2024-09-04T12:32:33","slug":"permis-b-forfait-conduite","status":"publish","type":"product","link":"https:\/\/autoecole-europe.re\/boutiques\/produit\/permis-b-forfait-conduite\/","title":{"rendered":"Permis B &#8211; Forfait conduite"},"content":{"rendered":"<p>Pi\u00e8ces \u00e0 fournir \u00e0 Auto Ecole Europe :<\/p>\n<p>1 photo identit\u00e9 num\u00e9rique avec signature<br \/>\n1 photocopie carte identit\u00e9<br \/>\n1 photocopie attestation recensement et JAPD<br \/>\n1 photocopie ASSR 2\u00e8me niveau ou BSR<br \/>\n1 photocopie justificatif adresse et attestation h\u00e9bergement moins de 6 mois<\/p>\n","protected":false},"excerpt":{"rendered":"<p>Ce forfait comprend :<\/p>\n<ul>\n<li>Pack num\u00e9rique<\/li>\n<li>20H conduite<\/li>\n<li>Frais accompagnement examen conduite<\/li>\n<\/ul>\n","protected":false},"featured_media":3204,"template":"","meta":{"site-sidebar-layout":"default","site-content-layout":"default","ast-main-header-display":"","ast-hfb-above-header-display":"","ast-hfb-below-header-display":"","ast-hfb-mobile-header-display":"","site-post-title":"","ast-breadcrumbs-content":"","ast-featured-img":"","footer-sml-layout":"","theme-transparent-header-meta":"default","adv-header-id-meta":"","stick-header-meta":"","header-above-stick-meta":"","header-main-stick-meta":"","header-below-stick-meta":""},"product_brand":[],"product_cat":[27],"product_tag":[],"class_list":{"0":"post-2290","1":"product","2":"type-product","3":"status-publish","4":"has-post-thumbnail","6":"product_cat-forfait","8":"first","9":"instock","10":"virtual","11":"purchasable","12":"product-type-simple"},"_links":{"self":[{"href":"https:\/\/autoecole-europe.re\/boutiques\/wp-json\/wp\/v2\/product\/2290","targetHints":{"allow":["GET"]}}],"collection":[{"href":"https:\/\/autoecole-europe.re\/boutiques\/wp-json\/wp\/v2\/product"}],"about":[{"href":"https:\/\/autoecole-europe.re\/boutiques\/wp-json\/wp\/v2\/types\/product"}],"wp:featuredmedia":[{"embeddable":true,"href":"https:\/\/autoecole-europe.re\/boutiques\/wp-json\/wp\/v2\/media\/3204"}],"wp:attachment":[{"href":"https:\/\/autoecole-europe.re\/boutiques\/wp-json\/wp\/v2\/media?parent=2290"}],"wp:term":[{"taxonomy":"product_brand","embeddable":true,"href":"https:\/\/autoecole-europe.re\/boutiques\/wp-json\/wp\/v2\/product_brand?post=2290"},{"taxonomy":"product_cat","embeddable":true,"href":"https:\/\/autoecole-europe.re\/boutiques\/wp-json\/wp\/v2\/product_cat?post=2290"},{"taxonomy":"product_tag","embeddable":true,"href":"https:\/\/autoecole-europe.re\/boutiques\/wp-json\/wp\/v2\/product_tag?post=2290"}],"curies":[{"name":"wp","href":"https:\/\/api.w.org\/{rel}","templated":true}]}}