{"id":1257,"date":"2017-06-19T07:07:27","date_gmt":"2017-06-19T03:07:27","guid":{"rendered":"http:\/\/autoecole-europe.re\/about-2\/"},"modified":"2021-08-11T21:33:25","modified_gmt":"2021-08-11T17:33:25","slug":"reglement-interieur","status":"publish","type":"page","link":"https:\/\/autoecole-europe.re\/boutiques\/reglement-interieur\/","title":{"rendered":"R\u00e8glement Int\u00e9rieur"},"content":{"rendered":"\t\t<div data-elementor-type=\"wp-post\" data-elementor-id=\"1257\" class=\"elementor elementor-1257\" data-elementor-post-type=\"page\">\n\t\t\t\t\t\t<section class=\"elementor-section elementor-top-section elementor-element elementor-element-4ae63c00 elementor-section-stretched elementor-section-height-min-height elementor-section-boxed elementor-section-height-default elementor-section-items-middle elementor-invisible\" data-id=\"4ae63c00\" data-element_type=\"section\" data-e-type=\"section\" data-settings=\"{&quot;background_background&quot;:&quot;classic&quot;,&quot;stretch_section&quot;:&quot;section-stretched&quot;,&quot;animation&quot;:&quot;fadeIn&quot;}\">\n\t\t\t\t\t\t\t<div class=\"elementor-background-overlay\"><\/div>\n\t\t\t\t\t\t\t<div class=\"elementor-container elementor-column-gap-no\">\n\t\t\t\t\t<div class=\"elementor-column elementor-col-100 elementor-top-column elementor-element elementor-element-2df56f35\" data-id=\"2df56f35\" data-element_type=\"column\" data-e-type=\"column\">\n\t\t\t<div class=\"elementor-widget-wrap elementor-element-populated\">\n\t\t\t\t\t\t<div class=\"elementor-element elementor-element-2afa6b23 elementor-widget elementor-widget-heading\" data-id=\"2afa6b23\" data-element_type=\"widget\" data-e-type=\"widget\" data-widget_type=\"heading.default\">\n\t\t\t\t<div class=\"elementor-widget-container\">\n\t\t\t\t\t<h1 class=\"elementor-heading-title elementor-size-xxl\">R\u00e8glement Int\u00e9rieur<\/h1>\t\t\t\t<\/div>\n\t\t\t\t<\/div>\n\t\t\t\t<div class=\"elementor-element elementor-element-7a01cb37 elementor-widget elementor-widget-heading\" data-id=\"7a01cb37\" data-element_type=\"widget\" data-e-type=\"widget\" data-widget_type=\"heading.default\">\n\t\t\t\t<div class=\"elementor-widget-container\">\n\t\t\t\t\t<h4 class=\"elementor-heading-title elementor-size-default\">\u00c0 LIRE<\/h4>\t\t\t\t<\/div>\n\t\t\t\t<\/div>\n\t\t\t\t\t<\/div>\n\t\t<\/div>\n\t\t\t\t\t<\/div>\n\t\t<\/section>\n\t\t\t\t<section class=\"elementor-section elementor-top-section elementor-element elementor-element-6ae625ba elementor-section-boxed elementor-section-height-default elementor-section-height-default\" data-id=\"6ae625ba\" data-element_type=\"section\" data-e-type=\"section\" data-settings=\"{&quot;background_background&quot;:&quot;gradient&quot;}\">\n\t\t\t\t\t\t<div class=\"elementor-container elementor-column-gap-default\">\n\t\t\t\t\t<div class=\"elementor-column elementor-col-100 elementor-top-column elementor-element elementor-element-6df658f1\" data-id=\"6df658f1\" data-element_type=\"column\" data-e-type=\"column\">\n\t\t\t<div class=\"elementor-widget-wrap elementor-element-populated\">\n\t\t\t\t\t\t<section class=\"elementor-section elementor-inner-section elementor-element elementor-element-5f856341 elementor-section-boxed elementor-section-height-default elementor-section-height-default\" data-id=\"5f856341\" data-element_type=\"section\" data-e-type=\"section\">\n\t\t\t\t\t\t<div class=\"elementor-container elementor-column-gap-default\">\n\t\t\t\t\t<div class=\"elementor-column elementor-col-100 elementor-inner-column elementor-element elementor-element-61a99efd\" data-id=\"61a99efd\" data-element_type=\"column\" data-e-type=\"column\" data-settings=\"{&quot;background_background&quot;:&quot;classic&quot;}\">\n\t\t\t<div class=\"elementor-widget-wrap elementor-element-populated\">\n\t\t\t\t\t\t<div class=\"elementor-element elementor-element-24c0e696 elementor-widget-divider--view-line elementor-widget elementor-widget-divider\" data-id=\"24c0e696\" data-element_type=\"widget\" data-e-type=\"widget\" data-widget_type=\"divider.default\">\n\t\t\t\t<div class=\"elementor-widget-container\">\n\t\t\t\t\t\t\t<div class=\"elementor-divider\">\n\t\t\t<span class=\"elementor-divider-separator\">\n\t\t\t\t\t\t<\/span>\n\t\t<\/div>\n\t\t\t\t\t\t<\/div>\n\t\t\t\t<\/div>\n\t\t\t\t<div class=\"elementor-element elementor-element-1ee123e2 elementor-widget elementor-widget-heading\" data-id=\"1ee123e2\" data-element_type=\"widget\" data-e-type=\"widget\" data-widget_type=\"heading.default\">\n\t\t\t\t<div class=\"elementor-widget-container\">\n\t\t\t\t\t<h2 class=\"elementor-heading-title elementor-size-default\">Auto-\u00e9cole Europe <\/h2>\t\t\t\t<\/div>\n\t\t\t\t<\/div>\n\t\t\t\t<div class=\"elementor-element elementor-element-89a3c81 elementor-widget elementor-widget-spacer\" data-id=\"89a3c81\" data-element_type=\"widget\" data-e-type=\"widget\" data-widget_type=\"spacer.default\">\n\t\t\t\t<div class=\"elementor-widget-container\">\n\t\t\t\t\t\t\t<div class=\"elementor-spacer\">\n\t\t\t<div class=\"elementor-spacer-inner\"><\/div>\n\t\t<\/div>\n\t\t\t\t\t\t<\/div>\n\t\t\t\t<\/div>\n\t\t\t\t<div class=\"elementor-element elementor-element-abb4b96 elementor-widget elementor-widget-text-editor\" data-id=\"abb4b96\" data-element_type=\"widget\" data-e-type=\"widget\" data-widget_type=\"text-editor.default\">\n\t\t\t\t<div class=\"elementor-widget-container\">\n\t\t\t\t\t\t\t\t\t<p>Ce r\u00e8glement a pour objet de d\u00e9finir les r\u00e8gles relatives \u00e0 l&rsquo;hygi\u00e8ne, \u00e0 la s\u00e9curit\u00e9 ainsi qu&rsquo;\u00e0 la discipline n\u00e9cessaire au bon fonctionnement de l&rsquo;\u00e9tablissement.<\/p>\n<p>Ce r\u00e8glement est applicable par l&rsquo;ensemble des \u00e9l\u00e8ves.<\/p>\n<h5><strong><span style=\"text-decoration: underline; color: #db3a34;\">Article 1 :<\/span><\/strong><\/h5>\n<p><strong>L&rsquo;auto \u00e9cole EUROPE<\/strong> applique les r\u00e8gles d&rsquo;enseignement selon les lois en vigueur, notamment l&rsquo;arr\u00eat\u00e9 Minist\u00e9riel relatif au r\u00e9f\u00e9rentiel pour l&rsquo;\u00e9ducation \u00e0 une motricit\u00e9 citoyenne (REMC) en vigueur depuis le 01\/07\/2014.<\/p>\n<h5><strong><span style=\"text-decoration: underline; color: #db3a34;\">Article 2 :<\/span><\/strong><\/h5>\n<p>Tous les \u00e9l\u00e8ves inscrits dans l&rsquo;\u00e9tablissement se doivent de respecter les conditions de fonctionnement de l&rsquo;auto \u00e9cole sans restriction, \u00e0 savoir :<\/p>\n<ul>\n<li>Respecter le personnel de l&rsquo;\u00e9tablissement<\/li>\n<li>Respecter les autres \u00e9l\u00e8ves sans discrimination aucune<\/li>\n<\/ul>\n<p>Les \u00e9l\u00e8ves doivent avoir une hygi\u00e8ne, une tenue et un comportement correct Les \u00e9l\u00e8ves sont tenus de :<\/p>\n<ul>\n<li>Ne pas fumer \u00e0 l&rsquo;int\u00e9rieur de l&rsquo;\u00e9tablissement, ni dans les v\u00e9hicules<\/li>\n<li>Ne pas consommer ou avoir consomm\u00e9 toute boisson (alcool) ou substances (drogues) ou m\u00e9dicaments pouvant nuire \u00e0 la conduite d&rsquo;un v\u00e9hicule<\/li>\n<\/ul>\n<p>Il est interdit de diffuser sur les r\u00e9seaux sociaux tout \u00e9l\u00e9ment (photo ou texte) concernant l&rsquo;auto \u00e9cole EUROPE, ses formateurs ou les autres \u00e9l\u00e8ves.<\/p>\n<p>Il est demand\u00e9 aux \u00e9l\u00e8ves de lire les informations mises \u00e0 leur disposition sur les tableaux d&rsquo;affichage.<\/p>\n<h5><span style=\"text-decoration: underline;\"><strong><span style=\"color: #db3a34; text-decoration: underline;\">Article 3 : DOSSIER ADMINISTRATIF <\/span><\/strong><\/span><\/h5>\n<p>L&rsquo;\u00e9l\u00e8ve s&rsquo;engage \u00e0 fournit tous les documents demand\u00e9s pour l&rsquo;inscription dans les meilleurs d\u00e9lais. Dans le cas contraire, tout retard dans le traitement du dossier ne pourra \u00eatre reproch\u00e9 \u00e0 l&rsquo;auto \u00e9cole. Pour tout changement le concernant, l&rsquo;\u00e9l\u00e8ve doit avertir le secr\u00e9tariat (\u00e9tat civil, adresse, num\u00e9ro t\u00e9l\u00e9phone, adresse mail, \u2026)<\/p>\n<p>L&rsquo;\u00e9l\u00e8ve reste propri\u00e9taire de sa fiche ANTS. La fiche ANTS sera restitu\u00e9e \u00e0 l&rsquo;\u00e9l\u00e8ve (apr\u00e8s solde de tout compte) par demande \u00e9crite uniquement et sans frais suppl\u00e9mentaires.<\/p>\n<h5><strong><span style=\"text-decoration: underline;\"><span style=\"color: #db3a34; text-decoration: underline;\">Articles 4 : ORGANISATION DES S\u00c9ANCES DE CODE <\/span><\/span><\/strong><\/h5>\n<p>L&rsquo;acc\u00e8s \u00e0 la salle de code n&rsquo;est autoris\u00e9 qu&rsquo;apr\u00e8s la constitution de la fiche ANTS et du versement d&rsquo;un acompte. Le forfait code est d\u00fb \u00e0 l&rsquo;inscription et, est consid\u00e9r\u00e9 comme d\u00e9but\u00e9 d\u00e8s l&rsquo;inscription.<\/p>\n<p>Un bo\u00eetier de r\u00e9ponse est pr\u00eat\u00e9 \u00e0 l&rsquo;\u00e9l\u00e8ve au d\u00e9but de chaque s\u00e9ance de code en salle. L&rsquo;\u00e9l\u00e8ve doit restituer ce bo\u00eetier \u00e0 la fin de chaque s\u00e9ance.<\/p>\n<p>En cas de casse de celui-ci, l&rsquo;\u00e9l\u00e8ve se verra facturer le remplacement du bo\u00eetier au tarif en vigueur chez le fournisseur au moment de la casse.<\/p>\n<p>Aucun \u00e9l\u00e8ve n&rsquo;est admis en salle de code apr\u00e8s le d\u00e9marrage de la s\u00e9ance.<\/p>\n<p>Aucune sortie n&rsquo;est autoris\u00e9 avant la fin de la s\u00e9ance de code.<\/p>\n<p>Une s\u00e9ance de code dure environ 50 minutes.<\/p>\n<p>Il est interdit d\u2019utiliser des appareils sonores pendant les s\u00e9ances de code (MP3, t\u00e9l\u00e9phones portables&nbsp;\u2026).<\/p>\n<p>Il est interdit de filmer les s\u00e9ances de code.<\/p>\n<p>Il est interdit de boire ou de manger dans la salle de code.<\/p>\n<p>Chaque \u00e9l\u00e8ve est tenu de respecter le mat\u00e9riel et les locaux.<\/p>\n<h5><span style=\"color: #db3a34;\"><span style=\"text-decoration: underline;\">Articles 5&nbsp;: ORGANISATION DES LECONS DE CONDUITE<\/span><\/span><\/h5>\n<p><strong>L\u2019\u00e9valuation de d\u00e9part&nbsp;:<\/strong><\/p>\n<p>Avant la signature du contrat \u00ab&nbsp;enseignement pratique&nbsp;\u00bb, une \u00e9valuation de conduite est obligatoire. Cette \u00e9valuation a pour but d\u2019estimer le nombre de le\u00e7ons qui seront n\u00e9cessaires au candidat pour atteindre le niveau de l\u2019examen.<\/p>\n<p>Ce volume n\u2019est pas d\u00e9finitif et d\u00e9pendra de la motivation et de la r\u00e9gularit\u00e9 du candidat.<\/p>\n<p><strong>Le Livret d\u2019Apprentissage&nbsp;:<\/strong><\/p>\n<p>A l\u2019issue de l\u2019\u00e9valuation, le livret d\u2019apprentissage sera remis au candidat. L\u2019\u00e9l\u00e8ve devra \u00eatre obligatoirement \u00eatre muni de ce livret d\u2019apprentissage \u00e0 chaque le\u00e7on de conduite (ainsi que sa carte d\u2019identit\u00e9). En cas de perte du livret, l\u2019\u00e9l\u00e8ve doit en avertir le secr\u00e9tariat et devra s\u2019acquitter des frais de duplicata du livret.<\/p>\n<p><strong>R\u00e9servation des le\u00e7ons de conduite&nbsp;:<\/strong><\/p>\n<p>Les r\u00e9servations des le\u00e7ons de conduite se font au secr\u00e9tariat pendant les horaires d\u2019ouverture.<\/p>\n<p>Un planning papier est alors donn\u00e9 \u00e0 l\u2019\u00e9l\u00e8ve.<\/p>\n<p>Le planning peut \u00eatre modifi\u00e9 ou des le\u00e7ons peuvent \u00eatre annul\u00e9es par l\u2019auto-\u00e9cole (v\u00e9hicule \u2013\u00e9cole immobilis\u00e9, absence maladie d\u2019un moniteur, planification des examens&nbsp;\u2026)<\/p>\n<p>Il est possible de commencer la formation pratique avant l\u2019obtention de l\u2019examen du code.<\/p>\n<p>L\u2019ordre de priorit\u00e9 pour la planification des le\u00e7ons est le suivant&nbsp;:<\/p>\n<ol>\n<li>\u00e9l\u00e8ves convoqu\u00e9s \u00e0 l\u2019examen pratique<\/li>\n<li>\u00e9l\u00e8ves ayant obtenu leur code<\/li>\n<li>\u00e9l\u00e8ves n\u2019ayant pas obtenu leur code<\/li>\n<\/ol>\n<p><strong>Annulation des le\u00e7ons de conduite&nbsp;:<\/strong><\/p>\n<p>Les le\u00e7ons de conduite doivent \u00eatre annul\u00e9es au moins 48 h \u00e0 l\u2019avance par t\u00e9l\u00e9phone ou mail<\/p>\n<p>(0692.14.63.90 \/ <a href=\"mailto:sylviepouidi@yahoo.fr\">sylviepouidi@yahoo.fr<\/a>)<\/p>\n<p>Aucune le\u00e7on ne peut \u00eatre d\u00e9command\u00e9e par message sur le r\u00e9pondeur.<\/p>\n<p>Toute le\u00e7on non d\u00e9command\u00e9e au moins 48 h \u00e0 l\u2019avance est due.<\/p>\n<p><strong>D\u00e9roulement&nbsp; d\u2019une le\u00e7on de conduite&nbsp;:<\/strong><\/p>\n<p>Une le\u00e7on se d\u00e9compose comme suivant&nbsp;:<\/p>\n<p>Installation et d\u00e9termination du ou des objectif (s), explication th\u00e9orique, mise en application pratique, bilan et commentaires.<\/p>\n<p>Toute le\u00e7on de conduite d\u00e9bute et se termine \u00e0 l\u2019auto-\u00e9cole.<\/p>\n<p>Lorsqu\u2019un \u00e9l\u00e8ve demande que sa le\u00e7on d\u00e9bute ou finisse ailleurs qu\u2019\u00e0&nbsp; l\u2019auto-\u00e9cole, le temps du trajet du moniteur entre l\u2019auto-\u00e9cole et le lieu du RDV sera d\u00e9duit du temps de conduite de l\u2019\u00e9l\u00e8ve.<\/p>\n<p><strong>Retard&nbsp;:<\/strong><\/p>\n<p>En cas de retard, sans nouvelles de l\u2019\u00e9l\u00e8ve, le moniteur ne l\u2019attendra pas au-del\u00e0 de 20 minutes.<\/p>\n<p>De plus, la le\u00e7on sera factur\u00e9e.<\/p>\n<p><strong>Tenue vestimentaire&nbsp;:<\/strong><\/p>\n<p>Permis B&nbsp;: pr\u00e9voir des chaussures plates (talons hauts et tongs interdits)<\/p>\n<p><strong>Examen Pratique&nbsp;:<\/strong><\/p>\n<p>Les places d\u2019examen sont attribu\u00e9es par les Services de l&rsquo;Etat. Ni l\u2019\u00e9l\u00e8ve, ni l\u2019auto-\u00e9cole ne peut choisir les dates et les horaires des examens.<\/p>\n<p>Le r\u00e9sultat de l\u2019examen sera disponible 48 h apr\u00e8s sur le site&nbsp;: permisdeconduire.gouv.fr<\/p>\n<p>(Le num\u00e9ro NEPH demand\u00e9 est le num\u00e9ro du livret d\u2019apprentissage)<\/p>\n<p>En cas d\u2019\u00e9chec, le candidat sera plac\u00e9 en liste d\u2019attente g\u00e9r\u00e9e par ordre chronologique.<\/p>\n<h5><span style=\"text-decoration: underline; color: #db3a34;\">Article 6&nbsp;: SANCTIONS<\/span><\/h5>\n<p>Tout manquement de l\u2019\u00e9l\u00e8ve \u00e0 l\u2019une de ces dispositions du pr\u00e9sent r\u00e8glement int\u00e9rieur pourra, en fonction de sa nature et de sa gravit\u00e9, faire l\u2019objet d\u2019une sanction d\u00e9sign\u00e9e ci-apr\u00e8s&nbsp;:<\/p>\n<ul>\n<li>Avertissement oral<\/li>\n<li>Avertissement \u00e9crit<\/li>\n<li>Suspension provisoire<\/li>\n<li>Exclusion d\u00e9finitive<\/li>\n<\/ul>\n<p>Le responsable de l\u2019\u00e9tablissement peut d\u00e9cider d\u2019exclure un \u00e9l\u00e8ve \u00e0 tout moment de la formation pour l\u2019un des motifs suivants&nbsp;:<\/p>\n<ul>\n<li>Non paiement<\/li>\n<li>Attitude emp\u00eachant la r\u00e9alisation du travail de formation<\/li>\n<li>Evaluation par le responsable p\u00e9dagogique de l\u2019inaptitude de l\u2019\u00e9l\u00e8ve pour la formation concern\u00e9e<\/li>\n<li>Non respect du r\u00e8glement int\u00e9rieur<\/li>\n<\/ul>\n<p>Nous sommes heureux de vous accueillir parmi nos \u00e9l\u00e8ves et vous souhaitons une excellente formation<\/p>\n<p style=\"text-align: center;\"><strong>Le g\u00e9rant.&nbsp; &nbsp; L\u2019\u00e9l\u00e8ve<\/strong><\/p>\t\t\t\t\t\t\t\t<\/div>\n\t\t\t\t<\/div>\n\t\t\t\t\t<\/div>\n\t\t<\/div>\n\t\t\t\t\t<\/div>\n\t\t<\/section>\n\t\t\t\t\t<\/div>\n\t\t<\/div>\n\t\t\t\t\t<\/div>\n\t\t<\/section>\n\t\t\t\t<\/div>\n\t\t","protected":false},"excerpt":{"rendered":"<p>R\u00e8glement Int\u00e9rieur \u00c0 LIRE Auto-\u00e9cole Europe Ce r\u00e8glement a pour objet de d\u00e9finir les r\u00e8gles relatives \u00e0 l&rsquo;hygi\u00e8ne, \u00e0 la s\u00e9curit\u00e9 ainsi qu&rsquo;\u00e0 la discipline n\u00e9cessaire au bon fonctionnement de l&rsquo;\u00e9tablissement. Ce r\u00e8glement est applicable par l&rsquo;ensemble des \u00e9l\u00e8ves. Article 1 : L&rsquo;auto \u00e9cole EUROPE applique les r\u00e8gles d&rsquo;enseignement selon les lois en vigueur, notamment &hellip;<\/p>\n<p class=\"read-more\"> <a class=\"\" href=\"https:\/\/autoecole-europe.re\/boutiques\/reglement-interieur\/\"> <span class=\"screen-reader-text\">R\u00e8glement Int\u00e9rieur<\/span> Lire la suite\u00a0\u00bb<\/a><\/p>\n","protected":false},"author":3,"featured_media":0,"parent":0,"menu_order":0,"comment_status":"closed","ping_status":"closed","template":"","meta":{"site-sidebar-layout":"no-sidebar","site-content-layout":"page-builder","ast-main-header-display":"","ast-hfb-above-header-display":"","ast-hfb-below-header-display":"","ast-hfb-mobile-header-display":"","site-post-title":"disabled","ast-breadcrumbs-content":"","ast-featured-img":"disabled","footer-sml-layout":"","theme-transparent-header-meta":"enabled","adv-header-id-meta":"","stick-header-meta":"","header-above-stick-meta":"","header-main-stick-meta":"","header-below-stick-meta":"","footnotes":""},"class_list":["post-1257","page","type-page","status-publish","hentry"],"_links":{"self":[{"href":"https:\/\/autoecole-europe.re\/boutiques\/wp-json\/wp\/v2\/pages\/1257","targetHints":{"allow":["GET"]}}],"collection":[{"href":"https:\/\/autoecole-europe.re\/boutiques\/wp-json\/wp\/v2\/pages"}],"about":[{"href":"https:\/\/autoecole-europe.re\/boutiques\/wp-json\/wp\/v2\/types\/page"}],"author":[{"embeddable":true,"href":"https:\/\/autoecole-europe.re\/boutiques\/wp-json\/wp\/v2\/users\/3"}],"replies":[{"embeddable":true,"href":"https:\/\/autoecole-europe.re\/boutiques\/wp-json\/wp\/v2\/comments?post=1257"}],"version-history":[{"count":36,"href":"https:\/\/autoecole-europe.re\/boutiques\/wp-json\/wp\/v2\/pages\/1257\/revisions"}],"predecessor-version":[{"id":2264,"href":"https:\/\/autoecole-europe.re\/boutiques\/wp-json\/wp\/v2\/pages\/1257\/revisions\/2264"}],"wp:attachment":[{"href":"https:\/\/autoecole-europe.re\/boutiques\/wp-json\/wp\/v2\/media?parent=1257"}],"curies":[{"name":"wp","href":"https:\/\/api.w.org\/{rel}","templated":true}]}}